{"id":27,"date":"2026-03-18T12:35:59","date_gmt":"2026-03-18T12:35:59","guid":{"rendered":"https:\/\/silly-elion.5-56-166-59.plesk.page\/?page_id=27"},"modified":"2026-03-18T13:41:23","modified_gmt":"2026-03-18T13:41:23","slug":"quienes-somos","status":"publish","type":"page","link":"https:\/\/silly-elion.5-56-166-59.plesk.page\/index.php\/quienes-somos\/","title":{"rendered":"Qui\u00e9nes somos"},"content":{"rendered":"\t\t<div data-elementor-type=\"wp-page\" data-elementor-id=\"27\" class=\"elementor elementor-27\" data-elementor-post-type=\"page\">\n\t\t\t\t<div class=\"elementor-element elementor-element-47c3a885 e-flex e-con-boxed e-con e-parent\" data-id=\"47c3a885\" data-element_type=\"container\" data-e-type=\"container\" data-settings=\"{&quot;background_background&quot;:&quot;classic&quot;}\">\n\t\t\t\t\t<div class=\"e-con-inner\">\n\t\t<div class=\"elementor-element elementor-element-33f069fa e-flex e-con-boxed e-con e-child\" data-id=\"33f069fa\" data-element_type=\"container\" data-e-type=\"container\">\n\t\t\t\t\t<div class=\"e-con-inner\">\n\t\t\t\t<div class=\"elementor-element elementor-element-527226fb elementor-invisible elementor-widget elementor-widget-heading\" data-id=\"527226fb\" data-element_type=\"widget\" data-e-type=\"widget\" data-settings=\"{&quot;_animation&quot;:&quot;fadeInUp&quot;,&quot;_animation_delay&quot;:200}\" data-widget_type=\"heading.default\">\n\t\t\t\t\t<h1 class=\"elementor-heading-title elementor-size-default\">Qui\u00e9nes somos<\/h1>\t\t\t\t<\/div>\n\t\t\t\t<div class=\"elementor-element elementor-element-512c274b elementor-invisible elementor-widget elementor-widget-heading\" data-id=\"512c274b\" data-element_type=\"widget\" data-e-type=\"widget\" data-settings=\"{&quot;_animation&quot;:&quot;fadeInUp&quot;,&quot;_animation_delay&quot;:300}\" data-widget_type=\"heading.default\">\n\t\t\t\t\t<h4 class=\"elementor-heading-title elementor-size-default\">Strategic consultants, experts in accelerating change for business and individuals.\n<\/h4>\t\t\t\t<\/div>\n\t\t\t\t\t<\/div>\n\t\t\t\t<\/div>\n\t\t\t\t\t<\/div>\n\t\t\t\t<\/div>\n\t\t<div class=\"elementor-element elementor-element-33f8df06 e-flex e-con-boxed e-con e-parent\" data-id=\"33f8df06\" data-element_type=\"container\" data-e-type=\"container\">\n\t\t\t\t\t<div class=\"e-con-inner\">\n\t\t<div class=\"elementor-element elementor-element-4412cc55 e-con-full e-flex e-con e-child\" data-id=\"4412cc55\" data-element_type=\"container\" data-e-type=\"container\">\n\t\t\t\t<div class=\"elementor-element elementor-element-d8ccdb3 elementor-invisible elementor-widget elementor-widget-image\" data-id=\"d8ccdb3\" data-element_type=\"widget\" data-e-type=\"widget\" data-settings=\"{&quot;_animation&quot;:&quot;fadeInLeft&quot;}\" data-widget_type=\"image.default\">\n\t\t\t\t\t\t\t\t\t\t\t\t\t\t\t<img fetchpriority=\"high\" decoding=\"async\" width=\"6240\" height=\"3794\" src=\"https:\/\/silly-elion.5-56-166-59.plesk.page\/wp-content\/uploads\/2026\/03\/lawyer-hand-holding-pen-and-providing-legal-consul-2026-01-08-00-30-59-utc.jpg\" class=\"attachment-full size-full wp-image-119\" alt=\"\" srcset=\"https:\/\/silly-elion.5-56-166-59.plesk.page\/wp-content\/uploads\/2026\/03\/lawyer-hand-holding-pen-and-providing-legal-consul-2026-01-08-00-30-59-utc.jpg 6240w, https:\/\/silly-elion.5-56-166-59.plesk.page\/wp-content\/uploads\/2026\/03\/lawyer-hand-holding-pen-and-providing-legal-consul-2026-01-08-00-30-59-utc-300x182.jpg 300w, https:\/\/silly-elion.5-56-166-59.plesk.page\/wp-content\/uploads\/2026\/03\/lawyer-hand-holding-pen-and-providing-legal-consul-2026-01-08-00-30-59-utc-1024x623.jpg 1024w, https:\/\/silly-elion.5-56-166-59.plesk.page\/wp-content\/uploads\/2026\/03\/lawyer-hand-holding-pen-and-providing-legal-consul-2026-01-08-00-30-59-utc-768x467.jpg 768w, https:\/\/silly-elion.5-56-166-59.plesk.page\/wp-content\/uploads\/2026\/03\/lawyer-hand-holding-pen-and-providing-legal-consul-2026-01-08-00-30-59-utc-1536x934.jpg 1536w, https:\/\/silly-elion.5-56-166-59.plesk.page\/wp-content\/uploads\/2026\/03\/lawyer-hand-holding-pen-and-providing-legal-consul-2026-01-08-00-30-59-utc-2048x1245.jpg 2048w, https:\/\/silly-elion.5-56-166-59.plesk.page\/wp-content\/uploads\/2026\/03\/lawyer-hand-holding-pen-and-providing-legal-consul-2026-01-08-00-30-59-utc-800x486.jpg 800w\" sizes=\"(max-width: 6240px) 100vw, 6240px\" \/>\t\t\t\t\t\t\t\t\t\t\t\t\t\t\t<\/div>\n\t\t\t\t<\/div>\n\t\t<div class=\"elementor-element elementor-element-60a807df e-con-full e-flex elementor-invisible e-con e-child\" data-id=\"60a807df\" data-element_type=\"container\" data-e-type=\"container\" data-settings=\"{&quot;animation&quot;:&quot;fadeInRight&quot;}\">\n\t\t\t\t<div class=\"elementor-element elementor-element-7c0e742d elementor-widget elementor-widget-heading\" data-id=\"7c0e742d\" data-element_type=\"widget\" data-e-type=\"widget\" data-widget_type=\"heading.default\">\n\t\t\t\t\t<h6 class=\"elementor-heading-title elementor-size-default\">QUI\u00c9NES SOMOS<\/h6>\t\t\t\t<\/div>\n\t\t\t\t<div class=\"elementor-element elementor-element-77bf7be5 elementor-widget elementor-widget-heading\" data-id=\"77bf7be5\" data-element_type=\"widget\" data-e-type=\"widget\" data-widget_type=\"heading.default\">\n\t\t\t\t\t<h2 class=\"elementor-heading-title elementor-size-default\">M\u00e1s de dos d\u00e9cadas acompa\u00f1ando a nuestros clientes en sus decisiones m\u00e1s importantes<\/h2>\t\t\t\t<\/div>\n\t\t\t\t<div class=\"elementor-element elementor-element-2353cbd5 elementor-widget elementor-widget-text-editor\" data-id=\"2353cbd5\" data-element_type=\"widget\" data-e-type=\"widget\" data-widget_type=\"text-editor.default\">\n\t\t\t\t\t\t\t\t\t<p>Somos un despacho familiar con una trayectoria consolidada en el \u00e1mbito del Derecho Civil y Penal, donde cada caso se aborda desde la cercan\u00eda, la implicaci\u00f3n y el rigor profesional.<\/p><p>A lo largo de los a\u00f1os, hemos acompa\u00f1ado a personas y familias en situaciones que requieren no solo conocimiento jur\u00eddico, sino tambi\u00e9n empat\u00eda, escucha y compromiso real. Sabemos que detr\u00e1s de cada caso hay una historia, una preocupaci\u00f3n y una decisi\u00f3n importante que tomar.<\/p><p>Por eso, nuestro enfoque se basa en ofrecer un asesoramiento claro, honesto y adaptado a cada cliente, buscando siempre la mejor soluci\u00f3n posible desde una perspectiva pr\u00e1ctica y eficaz.<\/p><p>Creemos en una abogac\u00eda accesible, donde el trato directo y la confianza son la base de cada relaci\u00f3n. Porque para nosotros, no se trata solo de resolver un caso, sino de hacerlo de la manera correcta para quien conf\u00eda en nosotros.<\/p>\t\t\t\t\t\t\t\t<\/div>\n\t\t\t\t<\/div>\n\t\t\t\t\t<\/div>\n\t\t\t\t<\/div>\n\t\t<div class=\"elementor-element elementor-element-56133015 e-flex e-con-boxed e-con e-parent\" data-id=\"56133015\" data-element_type=\"container\" data-e-type=\"container\" data-settings=\"{&quot;background_background&quot;:&quot;classic&quot;}\">\n\t\t\t\t\t<div class=\"e-con-inner\">\n\t\t<div class=\"elementor-element elementor-element-28f8abe9 e-flex e-con-boxed e-con e-child\" data-id=\"28f8abe9\" data-element_type=\"container\" data-e-type=\"container\">\n\t\t\t\t\t<div class=\"e-con-inner\">\n\t\t\t\t<div class=\"elementor-element elementor-element-1ba75d96 elementor-widget elementor-widget-heading\" data-id=\"1ba75d96\" data-element_type=\"widget\" data-e-type=\"widget\" data-widget_type=\"heading.default\">\n\t\t\t\t\t<h2 class=\"elementor-heading-title elementor-size-default\">Cada caso necesita una soluci\u00f3n. Empecemos por el tuyo.<\/h2>\t\t\t\t<\/div>\n\t\t\t\t<div class=\"elementor-element elementor-element-15b367ae elementor-widget elementor-widget-heading\" data-id=\"15b367ae\" data-element_type=\"widget\" data-e-type=\"widget\" data-widget_type=\"heading.default\">\n\t\t\t\t\t<div class=\"elementor-heading-title elementor-size-default\">Sabemos que dar el paso de consultar un asunto legal no siempre es f\u00e1cil. Por eso, te ofrecemos un trato cercano, confidencial y profesional desde el primer momento.\n\nAnalizaremos tu situaci\u00f3n con detalle para orientarte de forma clara y ayudarte a encontrar la mejor soluci\u00f3n posible.<\/div>\t\t\t\t<\/div>\n\t\t\t\t\t<\/div>\n\t\t\t\t<\/div>\n\t\t\t\t\t<\/div>\n\t\t\t\t<\/div>\n\t\t\t\t<\/div>\n\t\t","protected":false},"excerpt":{"rendered":"<p>Strategic consultants, experts in accelerating change for business and individuals. QUI\u00c9NES SOMOS M\u00e1s de dos d\u00e9cadas acompa\u00f1ando a nuestros clientes en sus decisiones m\u00e1s importantes Somos un despacho familiar con una trayectoria consolidada en el \u00e1mbito del Derecho Civil y Penal, donde cada caso se aborda desde la cercan\u00eda, la implicaci\u00f3n y el rigor profesional. [&hellip;]<\/p>\n","protected":false},"author":1,"featured_media":0,"parent":0,"menu_order":0,"comment_status":"closed","ping_status":"closed","template":"","meta":{"footnotes":""},"class_list":["post-27","page","type-page","status-publish","hentry"],"yoast_head":"<!-- This site is optimized with the Yoast SEO plugin v27.2 - https:\/\/yoast.com\/product\/yoast-seo-wordpress\/ -->\n<title>Qui\u00e9nes somos - \u00a0lagoabogados.es<\/title>\n<meta name=\"robots\" content=\"index, follow, max-snippet:-1, max-image-preview:large, max-video-preview:-1\" \/>\n<link rel=\"canonical\" href=\"https:\/\/silly-elion.5-56-166-59.plesk.page\/index.php\/quienes-somos\/\" \/>\n<meta property=\"og:locale\" content=\"es_ES\" \/>\n<meta property=\"og:type\" content=\"article\" \/>\n<meta property=\"og:title\" content=\"Qui\u00e9nes somos - \u00a0lagoabogados.es\" \/>\n<meta property=\"og:description\" content=\"Strategic consultants, experts in accelerating change for business and individuals. QUI\u00c9NES SOMOS M\u00e1s de dos d\u00e9cadas acompa\u00f1ando a nuestros clientes en sus decisiones m\u00e1s importantes Somos un despacho familiar con una trayectoria consolidada en el \u00e1mbito del Derecho Civil y Penal, donde cada caso se aborda desde la cercan\u00eda, la implicaci\u00f3n y el rigor profesional. [&hellip;]\" \/>\n<meta property=\"og:url\" content=\"https:\/\/silly-elion.5-56-166-59.plesk.page\/index.php\/quienes-somos\/\" \/>\n<meta property=\"og:site_name\" content=\"\u00a0lagoabogados.es\" \/>\n<meta property=\"article:modified_time\" content=\"2026-03-18T13:41:23+00:00\" \/>\n<meta property=\"og:image\" content=\"https:\/\/silly-elion.5-56-166-59.plesk.page\/wp-content\/uploads\/2026\/03\/lawyer-hand-holding-pen-and-providing-legal-consul-2026-01-08-00-30-59-utc-1024x623.jpg\" \/>\n\t<meta property=\"og:image:width\" content=\"1024\" \/>\n\t<meta property=\"og:image:height\" content=\"623\" \/>\n\t<meta property=\"og:image:type\" content=\"image\/jpeg\" \/>\n<meta name=\"twitter:card\" content=\"summary_large_image\" \/>\n<meta name=\"twitter:label1\" content=\"Tiempo de lectura\" \/>\n\t<meta name=\"twitter:data1\" content=\"2 minutos\" \/>\n<script type=\"application\/ld+json\" class=\"yoast-schema-graph\">{\"@context\":\"https:\/\/schema.org\",\"@graph\":[{\"@type\":\"WebPage\",\"@id\":\"https:\/\/silly-elion.5-56-166-59.plesk.page\/index.php\/quienes-somos\/\",\"url\":\"https:\/\/silly-elion.5-56-166-59.plesk.page\/index.php\/quienes-somos\/\",\"name\":\"Qui\u00e9nes somos - \u00a0lagoabogados.es\",\"isPartOf\":{\"@id\":\"https:\/\/silly-elion.5-56-166-59.plesk.page\/#website\"},\"primaryImageOfPage\":{\"@id\":\"https:\/\/silly-elion.5-56-166-59.plesk.page\/index.php\/quienes-somos\/#primaryimage\"},\"image\":{\"@id\":\"https:\/\/silly-elion.5-56-166-59.plesk.page\/index.php\/quienes-somos\/#primaryimage\"},\"thumbnailUrl\":\"https:\/\/silly-elion.5-56-166-59.plesk.page\/wp-content\/uploads\/2026\/03\/lawyer-hand-holding-pen-and-providing-legal-consul-2026-01-08-00-30-59-utc.jpg\",\"datePublished\":\"2026-03-18T12:35:59+00:00\",\"dateModified\":\"2026-03-18T13:41:23+00:00\",\"breadcrumb\":{\"@id\":\"https:\/\/silly-elion.5-56-166-59.plesk.page\/index.php\/quienes-somos\/#breadcrumb\"},\"inLanguage\":\"es\",\"potentialAction\":[{\"@type\":\"ReadAction\",\"target\":[\"https:\/\/silly-elion.5-56-166-59.plesk.page\/index.php\/quienes-somos\/\"]}]},{\"@type\":\"ImageObject\",\"inLanguage\":\"es\",\"@id\":\"https:\/\/silly-elion.5-56-166-59.plesk.page\/index.php\/quienes-somos\/#primaryimage\",\"url\":\"https:\/\/silly-elion.5-56-166-59.plesk.page\/wp-content\/uploads\/2026\/03\/lawyer-hand-holding-pen-and-providing-legal-consul-2026-01-08-00-30-59-utc.jpg\",\"contentUrl\":\"https:\/\/silly-elion.5-56-166-59.plesk.page\/wp-content\/uploads\/2026\/03\/lawyer-hand-holding-pen-and-providing-legal-consul-2026-01-08-00-30-59-utc.jpg\",\"width\":6240,\"height\":3794,\"caption\":\"Lawyer hand holding pen and providing legal consult business dispute service to the man at the office with justice scale and gavel hammer.\"},{\"@type\":\"BreadcrumbList\",\"@id\":\"https:\/\/silly-elion.5-56-166-59.plesk.page\/index.php\/quienes-somos\/#breadcrumb\",\"itemListElement\":[{\"@type\":\"ListItem\",\"position\":1,\"name\":\"Portada\",\"item\":\"https:\/\/silly-elion.5-56-166-59.plesk.page\/\"},{\"@type\":\"ListItem\",\"position\":2,\"name\":\"Qui\u00e9nes somos\"}]},{\"@type\":\"WebSite\",\"@id\":\"https:\/\/silly-elion.5-56-166-59.plesk.page\/#website\",\"url\":\"https:\/\/silly-elion.5-56-166-59.plesk.page\/\",\"name\":\"\u00a0lagoabogados.es\",\"description\":\"\",\"potentialAction\":[{\"@type\":\"SearchAction\",\"target\":{\"@type\":\"EntryPoint\",\"urlTemplate\":\"https:\/\/silly-elion.5-56-166-59.plesk.page\/?s={search_term_string}\"},\"query-input\":{\"@type\":\"PropertyValueSpecification\",\"valueRequired\":true,\"valueName\":\"search_term_string\"}}],\"inLanguage\":\"es\"}]}<\/script>\n<!-- \/ Yoast SEO plugin. -->","yoast_head_json":{"title":"Qui\u00e9nes somos - \u00a0lagoabogados.es","robots":{"index":"index","follow":"follow","max-snippet":"max-snippet:-1","max-image-preview":"max-image-preview:large","max-video-preview":"max-video-preview:-1"},"canonical":"https:\/\/silly-elion.5-56-166-59.plesk.page\/index.php\/quienes-somos\/","og_locale":"es_ES","og_type":"article","og_title":"Qui\u00e9nes somos - \u00a0lagoabogados.es","og_description":"Strategic consultants, experts in accelerating change for business and individuals. QUI\u00c9NES SOMOS M\u00e1s de dos d\u00e9cadas acompa\u00f1ando a nuestros clientes en sus decisiones m\u00e1s importantes Somos un despacho familiar con una trayectoria consolidada en el \u00e1mbito del Derecho Civil y Penal, donde cada caso se aborda desde la cercan\u00eda, la implicaci\u00f3n y el rigor profesional. [&hellip;]","og_url":"https:\/\/silly-elion.5-56-166-59.plesk.page\/index.php\/quienes-somos\/","og_site_name":"\u00a0lagoabogados.es","article_modified_time":"2026-03-18T13:41:23+00:00","og_image":[{"width":1024,"height":623,"url":"https:\/\/silly-elion.5-56-166-59.plesk.page\/wp-content\/uploads\/2026\/03\/lawyer-hand-holding-pen-and-providing-legal-consul-2026-01-08-00-30-59-utc-1024x623.jpg","type":"image\/jpeg"}],"twitter_card":"summary_large_image","twitter_misc":{"Tiempo de lectura":"2 minutos"},"schema":{"@context":"https:\/\/schema.org","@graph":[{"@type":"WebPage","@id":"https:\/\/silly-elion.5-56-166-59.plesk.page\/index.php\/quienes-somos\/","url":"https:\/\/silly-elion.5-56-166-59.plesk.page\/index.php\/quienes-somos\/","name":"Qui\u00e9nes somos - \u00a0lagoabogados.es","isPartOf":{"@id":"https:\/\/silly-elion.5-56-166-59.plesk.page\/#website"},"primaryImageOfPage":{"@id":"https:\/\/silly-elion.5-56-166-59.plesk.page\/index.php\/quienes-somos\/#primaryimage"},"image":{"@id":"https:\/\/silly-elion.5-56-166-59.plesk.page\/index.php\/quienes-somos\/#primaryimage"},"thumbnailUrl":"https:\/\/silly-elion.5-56-166-59.plesk.page\/wp-content\/uploads\/2026\/03\/lawyer-hand-holding-pen-and-providing-legal-consul-2026-01-08-00-30-59-utc.jpg","datePublished":"2026-03-18T12:35:59+00:00","dateModified":"2026-03-18T13:41:23+00:00","breadcrumb":{"@id":"https:\/\/silly-elion.5-56-166-59.plesk.page\/index.php\/quienes-somos\/#breadcrumb"},"inLanguage":"es","potentialAction":[{"@type":"ReadAction","target":["https:\/\/silly-elion.5-56-166-59.plesk.page\/index.php\/quienes-somos\/"]}]},{"@type":"ImageObject","inLanguage":"es","@id":"https:\/\/silly-elion.5-56-166-59.plesk.page\/index.php\/quienes-somos\/#primaryimage","url":"https:\/\/silly-elion.5-56-166-59.plesk.page\/wp-content\/uploads\/2026\/03\/lawyer-hand-holding-pen-and-providing-legal-consul-2026-01-08-00-30-59-utc.jpg","contentUrl":"https:\/\/silly-elion.5-56-166-59.plesk.page\/wp-content\/uploads\/2026\/03\/lawyer-hand-holding-pen-and-providing-legal-consul-2026-01-08-00-30-59-utc.jpg","width":6240,"height":3794,"caption":"Lawyer hand holding pen and providing legal consult business dispute service to the man at the office with justice scale and gavel hammer."},{"@type":"BreadcrumbList","@id":"https:\/\/silly-elion.5-56-166-59.plesk.page\/index.php\/quienes-somos\/#breadcrumb","itemListElement":[{"@type":"ListItem","position":1,"name":"Portada","item":"https:\/\/silly-elion.5-56-166-59.plesk.page\/"},{"@type":"ListItem","position":2,"name":"Qui\u00e9nes somos"}]},{"@type":"WebSite","@id":"https:\/\/silly-elion.5-56-166-59.plesk.page\/#website","url":"https:\/\/silly-elion.5-56-166-59.plesk.page\/","name":"\u00a0lagoabogados.es","description":"","potentialAction":[{"@type":"SearchAction","target":{"@type":"EntryPoint","urlTemplate":"https:\/\/silly-elion.5-56-166-59.plesk.page\/?s={search_term_string}"},"query-input":{"@type":"PropertyValueSpecification","valueRequired":true,"valueName":"search_term_string"}}],"inLanguage":"es"}]}},"_links":{"self":[{"href":"https:\/\/silly-elion.5-56-166-59.plesk.page\/index.php\/wp-json\/wp\/v2\/pages\/27","targetHints":{"allow":["GET"]}}],"collection":[{"href":"https:\/\/silly-elion.5-56-166-59.plesk.page\/index.php\/wp-json\/wp\/v2\/pages"}],"about":[{"href":"https:\/\/silly-elion.5-56-166-59.plesk.page\/index.php\/wp-json\/wp\/v2\/types\/page"}],"author":[{"embeddable":true,"href":"https:\/\/silly-elion.5-56-166-59.plesk.page\/index.php\/wp-json\/wp\/v2\/users\/1"}],"replies":[{"embeddable":true,"href":"https:\/\/silly-elion.5-56-166-59.plesk.page\/index.php\/wp-json\/wp\/v2\/comments?post=27"}],"version-history":[{"count":4,"href":"https:\/\/silly-elion.5-56-166-59.plesk.page\/index.php\/wp-json\/wp\/v2\/pages\/27\/revisions"}],"predecessor-version":[{"id":122,"href":"https:\/\/silly-elion.5-56-166-59.plesk.page\/index.php\/wp-json\/wp\/v2\/pages\/27\/revisions\/122"}],"wp:attachment":[{"href":"https:\/\/silly-elion.5-56-166-59.plesk.page\/index.php\/wp-json\/wp\/v2\/media?parent=27"}],"curies":[{"name":"wp","href":"https:\/\/api.w.org\/{rel}","templated":true}]}}